{"id":87,"date":"2023-01-08T18:03:18","date_gmt":"2023-01-08T17:03:18","guid":{"rendered":"http:\/\/dps.gniezno.pl\/?page_id=87"},"modified":"2024-08-28T12:25:53","modified_gmt":"2024-08-28T10:25:53","slug":"depozyty","status":"publish","type":"page","link":"https:\/\/dps.gniezno.pl\/?page_id=87","title":{"rendered":"Depozyty"},"content":{"rendered":"\n<p class=\"has-text-align-right has-medium-font-size\">Gniezno, 31.07.2024<\/p>\n\n\n\n<p class=\"has-medium-font-size\"><a href=\"https:\/\/bip.powiat-gniezno.pl\/e,pobierz,get.html?id=103670&amp;file=Scan%2C.pdf\" target=\"_blank\" rel=\"noreferrer noopener\">Wezwanie do odbioru depozytu z\u0142o\u017conego pani Drzewiecka Irena<\/a> <\/p>\n\n\n\n<p class=\"has-medium-font-size\"><a href=\"https:\/\/bip.powiat-gniezno.pl\/e,pobierz,get.html?id=103671&amp;file=Scan..pdf\" target=\"_blank\" rel=\"noreferrer noopener\">Wezwanie do odbioru depozytu z\u0142o\u017conego pan Wo\u017aniakowski Roman<\/a><\/p>\n\n\n\n<p class=\"has-medium-font-size\"><a href=\"https:\/\/bip.powiat-gniezno.pl\/e,pobierz,get.html?id=103672&amp;file=Scan.pdf\" target=\"_blank\" rel=\"noreferrer noopener\">Wezwanie do odbioru depozytu z\u0142o\u017conego pani Banach Maria Ludwika<\/a><\/p>\n\n\n\n<p><\/p>\n","protected":false},"excerpt":{"rendered":"<p>Gniezno, 31.07.2024 Wezwanie do odbioru depozytu z\u0142o\u017conego pani Drzewiecka Irena Wezwanie do odbioru depozytu z\u0142o\u017conego pan Wo\u017aniakowski Roman Wezwanie do odbioru depozytu z\u0142o\u017conego pani Banach Maria Ludwika<\/p>\n","protected":false},"author":1,"featured_media":0,"parent":0,"menu_order":0,"comment_status":"closed","ping_status":"closed","template":"","meta":{"_uag_custom_page_level_css":"","site-sidebar-layout":"default","site-content-layout":"","ast-site-content-layout":"default","site-content-style":"default","site-sidebar-style":"default","ast-global-header-display":"","ast-banner-title-visibility":"","ast-main-header-display":"","ast-hfb-above-header-display":"","ast-hfb-below-header-display":"","ast-hfb-mobile-header-display":"","site-post-title":"","ast-breadcrumbs-content":"","ast-featured-img":"","footer-sml-layout":"","ast-disable-related-posts":"","theme-transparent-header-meta":"","adv-header-id-meta":"","stick-header-meta":"","header-above-stick-meta":"","header-main-stick-meta":"","header-below-stick-meta":"","astra-migrate-meta-layouts":"set","ast-page-background-enabled":"default","ast-page-background-meta":{"desktop":{"background-color":"var(--ast-global-color-4)","background-image":"","background-repeat":"repeat","background-position":"center center","background-size":"auto","background-attachment":"scroll","background-type":"","background-media":"","overlay-type":"","overlay-color":"","overlay-opacity":"","overlay-gradient":""},"tablet":{"background-color":"","background-image":"","background-repeat":"repeat","background-position":"center center","background-size":"auto","background-attachment":"scroll","background-type":"","background-media":"","overlay-type":"","overlay-color":"","overlay-opacity":"","overlay-gradient":""},"mobile":{"background-color":"","background-image":"","background-repeat":"repeat","background-position":"center center","background-size":"auto","background-attachment":"scroll","background-type":"","background-media":"","overlay-type":"","overlay-color":"","overlay-opacity":"","overlay-gradient":""}},"ast-content-background-meta":{"desktop":{"background-color":"var(--ast-global-color-5)","background-image":"","background-repeat":"repeat","background-position":"center center","background-size":"auto","background-attachment":"scroll","background-type":"","background-media":"","overlay-type":"","overlay-color":"","overlay-opacity":"","overlay-gradient":""},"tablet":{"background-color":"var(--ast-global-color-5)","background-image":"","background-repeat":"repeat","background-position":"center center","background-size":"auto","background-attachment":"scroll","background-type":"","background-media":"","overlay-type":"","overlay-color":"","overlay-opacity":"","overlay-gradient":""},"mobile":{"background-color":"var(--ast-global-color-5)","background-image":"","background-repeat":"repeat","background-position":"center center","background-size":"auto","background-attachment":"scroll","background-type":"","background-media":"","overlay-type":"","overlay-color":"","overlay-opacity":"","overlay-gradient":""}},"footnotes":""},"class_list":["post-87","page","type-page","status-publish","hentry"],"uagb_featured_image_src":{"full":false,"thumbnail":false,"medium":false,"medium_large":false,"large":false,"1536x1536":false,"2048x2048":false},"uagb_author_info":{"display_name":"Roman","author_link":"https:\/\/dps.gniezno.pl\/?author=1"},"uagb_comment_info":0,"uagb_excerpt":"Gniezno, 31.07.2024 Wezwanie do odbioru depozytu z\u0142o\u017conego pani Drzewiecka Irena Wezwanie do odbioru depozytu z\u0142o\u017conego pan Wo\u017aniakowski Roman Wezwanie do odbioru depozytu z\u0142o\u017conego pani Banach Maria Ludwika","_links":{"self":[{"href":"https:\/\/dps.gniezno.pl\/index.php?rest_route=\/wp\/v2\/pages\/87","targetHints":{"allow":["GET"]}}],"collection":[{"href":"https:\/\/dps.gniezno.pl\/index.php?rest_route=\/wp\/v2\/pages"}],"about":[{"href":"https:\/\/dps.gniezno.pl\/index.php?rest_route=\/wp\/v2\/types\/page"}],"author":[{"embeddable":true,"href":"https:\/\/dps.gniezno.pl\/index.php?rest_route=\/wp\/v2\/users\/1"}],"replies":[{"embeddable":true,"href":"https:\/\/dps.gniezno.pl\/index.php?rest_route=%2Fwp%2Fv2%2Fcomments&post=87"}],"version-history":[{"count":5,"href":"https:\/\/dps.gniezno.pl\/index.php?rest_route=\/wp\/v2\/pages\/87\/revisions"}],"predecessor-version":[{"id":536,"href":"https:\/\/dps.gniezno.pl\/index.php?rest_route=\/wp\/v2\/pages\/87\/revisions\/536"}],"wp:attachment":[{"href":"https:\/\/dps.gniezno.pl\/index.php?rest_route=%2Fwp%2Fv2%2Fmedia&parent=87"}],"curies":[{"name":"wp","href":"https:\/\/api.w.org\/{rel}","templated":true}]}}