{"id":69,"date":"2026-04-09T15:32:04","date_gmt":"2026-04-09T13:32:04","guid":{"rendered":"https:\/\/127.0.0.1\/wordpress\/?page_id=69"},"modified":"2026-04-12T10:16:03","modified_gmt":"2026-04-12T08:16:03","slug":"historia","status":"publish","type":"page","link":"https:\/\/dps.gniezno.pl\/?page_id=69","title":{"rendered":"Historia"},"content":{"rendered":"\n<p class=\"has-medium-font-size\">Historia naszego Domu si\u0119ga lat powojennych, kiedy to Pa\u0144stwo Terakowscy \u2013 nie\u017cyj\u0105cy ju\u017c mieszka\u0144cy Gniezna, testamentem ofiarowali budynek wraz z ogrodem mieszcz\u0105cy si\u0119 przy ulicy Wrzesi\u0144skiej 21 na cel spo\u0142eczny. Ich \u017cyczenie spe\u0142ni\u0142o si\u0119 i w roku 1946 otwarto DOM STARC\u00d3W, w kt\u00f3rym urz\u0105dzono pokoje, sypialnie, jadalni\u0119. Znale\u017ali tutaj przysta\u0144 ludzie starzy i potrzebuj\u0105cy opieki. Niestety, nie zachowa\u0142y si\u0119 \u017cadne dokumenty z tego okresu pozwalaj\u0105ce rozszerzy\u0107 nasz\u0105 wiedz\u0119 na ten temat.<\/p>\n\n\n\n<p class=\"has-medium-font-size\">W latach 80-tych gospodarzem obiektu by\u0142 Dom Rencist\u00f3w, kt\u00f3ry podlega\u0142 strukturom organizacyjnym Ministerstwa Zdrowia i Polityki Spo\u0142ecznej.<\/p>\n\n\n\n<p class=\"has-medium-font-size\">Od 1990 roku ju\u017c jako DOM POMOCY SPO\u0141ECZNEJ, usytuowany zosta\u0142 w strukturze Ministerstwa Pracy i Polityki Spo\u0142ecznej. <br>Od tego momentu Dom ten przeszed\u0142 g\u0142\u0119bokie zmiany merytoryczne, modernizacj\u0119. A w ko\u0144cu rozbudow\u0119.<\/p>\n\n\n\n<p class=\"has-medium-font-size\">Od roku 1999r \u2013 DPS jest jednostk\u0105 organizacyjn\u0105 Starostwa Powiatowego w Gnie\u017anie. <br>Zosta\u0142 wpisany do Wojew\u00f3dzkiego Rejestru \u2013 Dom\u00f3w Pomocy Spo\u0142ecznej pod pozycj\u0105 14 [czternast\u0105]. <br>Nadz\u00f3r merytoryczny sprawuje Powiatowe Centrum Pomocy Rodzinie.<\/p>\n\n\n\n<figure class=\"wp-block-image\"><img decoding=\"async\" src=\"https:\/\/dps.gniezno.pl\/wp-content\/uploads\/2023\/01\/6.jpg\" alt=\"\" class=\"wp-image-163\"\/><\/figure>\n","protected":false},"excerpt":{"rendered":"<p>Historia naszego Domu si\u0119ga lat powojennych, kiedy to Pa\u0144stwo Terakowscy \u2013 nie\u017cyj\u0105cy ju\u017c mieszka\u0144cy Gniezna, testamentem ofiarowali budynek wraz z [&hellip;]<\/p>\n","protected":false},"author":1,"featured_media":0,"parent":0,"menu_order":0,"comment_status":"closed","ping_status":"closed","template":"","meta":{"site-sidebar-layout":"default","site-content-layout":"","ast-site-content-layout":"default","site-content-style":"default","site-sidebar-style":"default","ast-global-header-display":"","ast-banner-title-visibility":"","ast-main-header-display":"","ast-hfb-above-header-display":"","ast-hfb-below-header-display":"","ast-hfb-mobile-header-display":"","site-post-title":"","ast-breadcrumbs-content":"","ast-featured-img":"","footer-sml-layout":"","ast-disable-related-posts":"","theme-transparent-header-meta":"","adv-header-id-meta":"","stick-header-meta":"","header-above-stick-meta":"","header-main-stick-meta":"","header-below-stick-meta":"","astra-migrate-meta-layouts":"default","ast-page-background-enabled":"default","ast-page-background-meta":{"desktop":{"background-color":"var(--ast-global-color-5)","background-image":"","background-repeat":"repeat","background-position":"center center","background-size":"auto","background-attachment":"scroll","background-type":"","background-media":"","overlay-type":"","overlay-color":"","overlay-opacity":"","overlay-gradient":""},"tablet":{"background-color":"","background-image":"","background-repeat":"repeat","background-position":"center center","background-size":"auto","background-attachment":"scroll","background-type":"","background-media":"","overlay-type":"","overlay-color":"","overlay-opacity":"","overlay-gradient":""},"mobile":{"background-color":"","background-image":"","background-repeat":"repeat","background-position":"center center","background-size":"auto","background-attachment":"scroll","background-type":"","background-media":"","overlay-type":"","overlay-color":"","overlay-opacity":"","overlay-gradient":""}},"ast-content-background-meta":{"desktop":{"background-color":"var(--ast-global-color-4)","background-image":"","background-repeat":"repeat","background-position":"center center","background-size":"auto","background-attachment":"scroll","background-type":"","background-media":"","overlay-type":"","overlay-color":"","overlay-opacity":"","overlay-gradient":""},"tablet":{"background-color":"var(--ast-global-color-4)","background-image":"","background-repeat":"repeat","background-position":"center center","background-size":"auto","background-attachment":"scroll","background-type":"","background-media":"","overlay-type":"","overlay-color":"","overlay-opacity":"","overlay-gradient":""},"mobile":{"background-color":"var(--ast-global-color-4)","background-image":"","background-repeat":"repeat","background-position":"center center","background-size":"auto","background-attachment":"scroll","background-type":"","background-media":"","overlay-type":"","overlay-color":"","overlay-opacity":"","overlay-gradient":""}},"footnotes":""},"class_list":["post-69","page","type-page","status-publish","hentry"],"_links":{"self":[{"href":"https:\/\/dps.gniezno.pl\/index.php?rest_route=\/wp\/v2\/pages\/69","targetHints":{"allow":["GET"]}}],"collection":[{"href":"https:\/\/dps.gniezno.pl\/index.php?rest_route=\/wp\/v2\/pages"}],"about":[{"href":"https:\/\/dps.gniezno.pl\/index.php?rest_route=\/wp\/v2\/types\/page"}],"author":[{"embeddable":true,"href":"https:\/\/dps.gniezno.pl\/index.php?rest_route=\/wp\/v2\/users\/1"}],"replies":[{"embeddable":true,"href":"https:\/\/dps.gniezno.pl\/index.php?rest_route=%2Fwp%2Fv2%2Fcomments&post=69"}],"version-history":[{"count":3,"href":"https:\/\/dps.gniezno.pl\/index.php?rest_route=\/wp\/v2\/pages\/69\/revisions"}],"predecessor-version":[{"id":191,"href":"https:\/\/dps.gniezno.pl\/index.php?rest_route=\/wp\/v2\/pages\/69\/revisions\/191"}],"wp:attachment":[{"href":"https:\/\/dps.gniezno.pl\/index.php?rest_route=%2Fwp%2Fv2%2Fmedia&parent=69"}],"curies":[{"name":"wp","href":"https:\/\/api.w.org\/{rel}","templated":true}]}}