{"id":68,"date":"2026-04-09T15:32:04","date_gmt":"2026-04-09T13:32:04","guid":{"rendered":"https:\/\/127.0.0.1\/wordpress\/?page_id=68"},"modified":"2026-05-03T11:37:51","modified_gmt":"2026-05-03T09:37:51","slug":"zadania","status":"publish","type":"page","link":"https:\/\/dps.gniezno.pl\/?page_id=68","title":{"rendered":"Zadania"},"content":{"rendered":"\n<p style=\"font-size:23px\"><strong>Misj\u0105 DPS w Gnie\u017anie jest<\/strong>  &#8211;<\/p>\n\n\n\n<p class=\"has-ast-global-color-1-color has-text-color has-link-color has-large-font-size wp-elements-09c07a5e18e8d63b8105c507b362363c\"><strong>\u201e<em>PRACUJ\u0118 TAK, ABY STWORZY\u0106 PODOPIECZNYM DOM<\/em> \u201d<\/strong><\/p>\n\n\n\n<p class=\"has-medium-font-size\"><strong>Dom przeznaczony jest dla os\u00f3b w podesz\u0142ym wieku <\/strong><mark><strong>(65 miejsc) i dla os\u00f3b przewlekle somatycznie chorych (6 miejsc<\/strong>)<\/mark><strong>, <\/strong><br><strong>kt\u00f3rych stan zdrowia nie wymaga leczenia szpitalnego, natomiast uzasadnia potrzeb\u0119 sta\u0142ej opieki. <\/strong><br><strong>Jest plac\u00f3wk\u0105 koedukacyjn\u0105 \u2013 <mark>\u0142\u0105cznie dla 71 os\u00f3b<\/mark>.<\/strong><\/p>\n\n\n\n<p><strong>ROZPORZ\u0104DZENIE MINISTRA PRACY I POLITYKI SPO\u0141ECZNEJ z dnia 23 sierpnia 2012 r. w sprawie dom\u00f3w pomocy spo\u0142ecznej:<\/strong><\/p>\n\n\n\n<p class=\"has-medium-font-size\"><strong>Dom, niezale\u017cnie od typu, \u015bwiadczy us\u0142ugi:<\/strong><\/p>\n\n\n\n<p class=\"has-medium-font-size\">1) w zakresie potrzeb bytowych, zapewniaj\u0105c:<\/p>\n\n\n\n<p class=\"has-medium-font-size\">a) miejsce zamieszkania,<\/p>\n\n\n\n<p class=\"has-medium-font-size\">b) wy\u017cywienie,<\/p>\n\n\n\n<p class=\"has-medium-font-size\">c) odzie\u017c i obuwie,<\/p>\n\n\n\n<p class=\"has-medium-font-size\">d) utrzymanie czysto\u015bci;<\/p>\n\n\n\n<p class=\"has-medium-font-size\">2) opieku\u0144cze, polegaj\u0105ce na:<\/p>\n\n\n\n<p class=\"has-medium-font-size\">a) udzielaniu pomocy w podstawowych czynno\u015bciach \u017cyciowych,<\/p>\n\n\n\n<p class=\"has-medium-font-size\">b) piel\u0119gnacji,<\/p>\n\n\n\n<p class=\"has-medium-font-size\">c) niezb\u0119dnej pomocy w za\u0142atwianiu spraw osobistych;<\/p>\n\n\n\n<p class=\"has-medium-font-size\">3) wspomagaj\u0105ce, polegaj\u0105ce na:<\/p>\n\n\n\n<p class=\"has-medium-font-size\">a) umo\u017cliwieniu udzia\u0142u w terapii zaj\u0119ciowej,<\/p>\n\n\n\n<p class=\"has-medium-font-size\">b) podnoszeniu sprawno\u015bci i aktywizowaniu mieszka\u0144c\u00f3w domu,<\/p>\n\n\n\n<p class=\"has-medium-font-size\">c) umo\u017cliwieniu zaspokojenia potrzeb religijnych i kulturalnych,<\/p>\n\n\n\n<p class=\"has-medium-font-size\">d) zapewnieniu warunk\u00f3w do rozwoju samorz\u0105dno\u015bci mieszka\u0144c\u00f3w domu,<\/p>\n\n\n\n<p class=\"has-medium-font-size\">e) stymulowaniu nawi\u0105zywania, utrzymywania i rozwijania kontaktu z rodzin\u0105 i spo\u0142eczno\u015bci\u0105 lokaln\u0105,<\/p>\n\n\n\n<p class=\"has-medium-font-size\">f) dzia\u0142aniu zmierzaj\u0105cym do usamodzielnienia mieszka\u0144ca domu, w miar\u0119 jego mo\u017cliwo\u015bci,<\/p>\n\n\n\n<p class=\"has-medium-font-size\">g) pomocy usamodzielniaj\u0105cemu si\u0119 mieszka\u0144cowi domu w podj\u0119ciu pracy, szczeg\u00f3lnie maj\u0105cej charakter terapeutyczny,     <br>    je\u017celi mieszkaniec spe\u0142nia warunki do takiego usamodzielnienia,<\/p>\n\n\n\n<p class=\"has-medium-font-size\">h) zapewnieniu bezpiecznego przechowywania \u015brodk\u00f3w pieni\u0119\u017cnych i przedmiot\u00f3w warto\u015bciowych,<\/p>\n\n\n\n<p class=\"has-medium-font-size\">i) finansowaniu mieszka\u0144cowi domu nieposiadaj\u0105cemu w\u0142asnego dochodu wydatk\u00f3w na niezb\u0119dne przedmioty osobistego u\u017cytku, <br>   w kwocie nieprzekraczaj\u0105cej 30% zasi\u0142ku sta\u0142ego, o kt\u00f3rym mowa w art. 37 ust. 2 pkt 1 ustawy z dnia 12 marca 2004 r. o pomocy spo\u0142ecznej, <br>   zwanej dalej \u201eustaw\u0105\u201d,<\/p>\n\n\n\n<p class=\"has-medium-font-size\">j) zapewnieniu przestrzegania praw mieszka\u0144c\u00f3w domu oraz zapewnieniu mieszka\u0144com dost\u0119pno\u015bci do informacji o tych prawach,<\/p>\n\n\n\n<p class=\"has-medium-font-size\">k) sprawnym wnoszeniu i za\u0142atwianiu skarg i wniosk\u00f3w mieszka\u0144c\u00f3w domu<\/p>\n\n\n\n<p><\/p>\n","protected":false},"excerpt":{"rendered":"<p>Misj\u0105 DPS w Gnie\u017anie jest &#8211; \u201ePRACUJ\u0118 TAK, ABY STWORZY\u0106 PODOPIECZNYM DOM \u201d Dom przeznaczony jest dla os\u00f3b w podesz\u0142ym [&hellip;]<\/p>\n","protected":false},"author":1,"featured_media":0,"parent":0,"menu_order":0,"comment_status":"closed","ping_status":"closed","template":"","meta":{"site-sidebar-layout":"default","site-content-layout":"","ast-site-content-layout":"default","site-content-style":"default","site-sidebar-style":"default","ast-global-header-display":"","ast-banner-title-visibility":"","ast-main-header-display":"","ast-hfb-above-header-display":"","ast-hfb-below-header-display":"","ast-hfb-mobile-header-display":"","site-post-title":"","ast-breadcrumbs-content":"","ast-featured-img":"","footer-sml-layout":"","ast-disable-related-posts":"","theme-transparent-header-meta":"","adv-header-id-meta":"","stick-header-meta":"","header-above-stick-meta":"","header-main-stick-meta":"","header-below-stick-meta":"","astra-migrate-meta-layouts":"default","ast-page-background-enabled":"default","ast-page-background-meta":{"desktop":{"background-color":"var(--ast-global-color-5)","background-image":"","background-repeat":"repeat","background-position":"center center","background-size":"auto","background-attachment":"scroll","background-type":"","background-media":"","overlay-type":"","overlay-color":"","overlay-opacity":"","overlay-gradient":""},"tablet":{"background-color":"","background-image":"","background-repeat":"repeat","background-position":"center center","background-size":"auto","background-attachment":"scroll","background-type":"","background-media":"","overlay-type":"","overlay-color":"","overlay-opacity":"","overlay-gradient":""},"mobile":{"background-color":"","background-image":"","background-repeat":"repeat","background-position":"center center","background-size":"auto","background-attachment":"scroll","background-type":"","background-media":"","overlay-type":"","overlay-color":"","overlay-opacity":"","overlay-gradient":""}},"ast-content-background-meta":{"desktop":{"background-color":"var(--ast-global-color-4)","background-image":"","background-repeat":"repeat","background-position":"center center","background-size":"auto","background-attachment":"scroll","background-type":"","background-media":"","overlay-type":"","overlay-color":"","overlay-opacity":"","overlay-gradient":""},"tablet":{"background-color":"var(--ast-global-color-4)","background-image":"","background-repeat":"repeat","background-position":"center center","background-size":"auto","background-attachment":"scroll","background-type":"","background-media":"","overlay-type":"","overlay-color":"","overlay-opacity":"","overlay-gradient":""},"mobile":{"background-color":"var(--ast-global-color-4)","background-image":"","background-repeat":"repeat","background-position":"center center","background-size":"auto","background-attachment":"scroll","background-type":"","background-media":"","overlay-type":"","overlay-color":"","overlay-opacity":"","overlay-gradient":""}},"footnotes":""},"class_list":["post-68","page","type-page","status-publish","hentry"],"_links":{"self":[{"href":"https:\/\/dps.gniezno.pl\/index.php?rest_route=\/wp\/v2\/pages\/68","targetHints":{"allow":["GET"]}}],"collection":[{"href":"https:\/\/dps.gniezno.pl\/index.php?rest_route=\/wp\/v2\/pages"}],"about":[{"href":"https:\/\/dps.gniezno.pl\/index.php?rest_route=\/wp\/v2\/types\/page"}],"author":[{"embeddable":true,"href":"https:\/\/dps.gniezno.pl\/index.php?rest_route=\/wp\/v2\/users\/1"}],"replies":[{"embeddable":true,"href":"https:\/\/dps.gniezno.pl\/index.php?rest_route=%2Fwp%2Fv2%2Fcomments&post=68"}],"version-history":[{"count":7,"href":"https:\/\/dps.gniezno.pl\/index.php?rest_route=\/wp\/v2\/pages\/68\/revisions"}],"predecessor-version":[{"id":265,"href":"https:\/\/dps.gniezno.pl\/index.php?rest_route=\/wp\/v2\/pages\/68\/revisions\/265"}],"wp:attachment":[{"href":"https:\/\/dps.gniezno.pl\/index.php?rest_route=%2Fwp%2Fv2%2Fmedia&parent=68"}],"curies":[{"name":"wp","href":"https:\/\/api.w.org\/{rel}","templated":true}]}}