{"id":67,"date":"2026-04-09T15:32:04","date_gmt":"2026-04-09T13:32:04","guid":{"rendered":"https:\/\/127.0.0.1\/wordpress\/?page_id=67"},"modified":"2026-05-03T11:35:49","modified_gmt":"2026-05-03T09:35:49","slug":"warunki-lokalowe","status":"publish","type":"page","link":"https:\/\/dps.gniezno.pl\/?page_id=67","title":{"rendered":"Warunki lokalowe"},"content":{"rendered":"\n<p class=\"has-medium-font-size\">Dom usytuowany jest na obrze\u017cach miasta. Blisko dworca PKP i PKS.  Do przystanku autobusowego MPK jest oko\u0142o 300 metr\u00f3w.<\/p>\n\n\n\n<p class=\"has-medium-font-size\">&nbsp;&nbsp;&#8211;&nbsp;Obiekt dostosowany jest dla os\u00f3b niepe\u0142nosprawnych.<\/p>\n\n\n\n<p class=\"has-medium-font-size\">&nbsp;&nbsp;&#8211;&nbsp;Plac\u00f3wka dysponuje pokojami jedno- i dwuosobowymi.<\/p>\n\n\n\n<hr class=\"wp-block-separator has-alpha-channel-opacity is-style-wide\"\/>\n\n\n\n<p class=\"has-medium-font-size\">&nbsp;&nbsp;&nbsp;Dom podzielony jest na trzy odcinki A B C \u2013 w sk\u0142ad ka\u017cdego wchodzi:<\/p>\n\n\n\n<p class=\"has-medium-font-size\">&nbsp;&nbsp;&nbsp;&nbsp;&nbsp;&nbsp;&nbsp;&nbsp;&nbsp;&nbsp;&#8211;&nbsp;aneks kuchenny dost\u0119pny dla mieszka\u0144c\u00f3w;<\/p>\n\n\n\n<p class=\"has-medium-font-size\">&nbsp;&nbsp;&nbsp;&nbsp;&nbsp;&nbsp;&nbsp;&nbsp;&nbsp;&nbsp;&#8211;&nbsp;dwa w\u0119z\u0142y sanitarne \u2013 wyposa\u017cone w wanny, prysznice, \u0142\u00f3\u017cka k\u0105pielowe;<\/p>\n\n\n\n<p class=\"has-medium-font-size\">&nbsp;&nbsp;&nbsp;&nbsp;&nbsp;&nbsp;&nbsp;&nbsp;&nbsp;&nbsp;&#8211;&nbsp;jadalnia \u2013 serwuje trzy posi\u0142ki dziennie \u2013 oraz dania \u015bwi\u0105teczne; (Dietetyk przygotowuje jad\u0142ospisy zgodnie z zalecan\u0105 diet\u0105)<\/p>\n\n\n\n<p class=\"has-medium-font-size\">&nbsp;&nbsp;&nbsp;&nbsp;&nbsp;&nbsp;&nbsp;&nbsp;&nbsp;&nbsp;&#8211;&nbsp;\u015bwietlica;<\/p>\n\n\n\n<hr class=\"wp-block-separator has-alpha-channel-opacity is-style-wide\"\/>\n\n\n\n<p class=\"has-medium-font-size\">&nbsp;&nbsp;&nbsp;Podopieczni mog\u0105 uczestniczy\u0107 w ka\u017cd\u0105 sobot\u0119 i w \u015bwi\u0119ta w Mszy \u015aw., kt\u00f3ra jest odprawiana w kaplicy na terenie DPS;<\/p>\n\n\n\n<p class=\"has-medium-font-size\">&nbsp;&nbsp;&nbsp;Lekarz przyjmuje ( na miejscu \u2013 w dy\u017curce piel\u0119gniarskiej) raz w tygodniu, oraz na wezwanie;<\/p>\n\n\n\n<p class=\"has-medium-font-size\">&nbsp;&nbsp;&nbsp;&nbsp;Dom dysponuje samochodem osobowym z mo\u017cliwo\u015bci\u0105 przewiezienia w\u00f3zka inwalidzkiego.<\/p>\n\n\n\n<hr class=\"wp-block-separator has-alpha-channel-opacity is-style-wide\"\/>\n\n\n\n<p class=\"has-medium-font-size\"><strong>Otoczenie<\/strong><\/p>\n\n\n\n<p class=\"has-medium-font-size\">Front Domu od ulicy Wrzesi\u0144skiej oddziela w\u0105ski pas zieleni. Z ty\u0142u budynku znajduje si\u0119 park. <br>W parku w\u015br\u00f3d \u015bcie\u017cek spacerowych znajduje si\u0119 oczko wodne. W g\u0142\u0119bi parku mieszka\u0144cy maj\u0105 swoje ogr\u00f3dki dzia\u0142kowe <br>\u2013 sami mog\u0105 uprawia\u0107 kwiaty i owoce.<\/p>\n\n\n\n<p class=\"has-medium-font-size\"><\/p>\n\n\n\n<p><\/p>\n","protected":false},"excerpt":{"rendered":"<p>Dom usytuowany jest na obrze\u017cach miasta. Blisko dworca PKP i PKS. Do przystanku autobusowego MPK jest oko\u0142o 300 metr\u00f3w. &nbsp;&nbsp;&#8211;&nbsp;Obiekt [&hellip;]<\/p>\n","protected":false},"author":1,"featured_media":0,"parent":0,"menu_order":0,"comment_status":"closed","ping_status":"closed","template":"","meta":{"site-sidebar-layout":"default","site-content-layout":"","ast-site-content-layout":"default","site-content-style":"default","site-sidebar-style":"default","ast-global-header-display":"","ast-banner-title-visibility":"","ast-main-header-display":"","ast-hfb-above-header-display":"","ast-hfb-below-header-display":"","ast-hfb-mobile-header-display":"","site-post-title":"","ast-breadcrumbs-content":"","ast-featured-img":"","footer-sml-layout":"","ast-disable-related-posts":"","theme-transparent-header-meta":"","adv-header-id-meta":"","stick-header-meta":"","header-above-stick-meta":"","header-main-stick-meta":"","header-below-stick-meta":"","astra-migrate-meta-layouts":"default","ast-page-background-enabled":"default","ast-page-background-meta":{"desktop":{"background-color":"var(--ast-global-color-5)","background-image":"","background-repeat":"repeat","background-position":"center center","background-size":"auto","background-attachment":"scroll","background-type":"","background-media":"","overlay-type":"","overlay-color":"","overlay-opacity":"","overlay-gradient":""},"tablet":{"background-color":"","background-image":"","background-repeat":"repeat","background-position":"center center","background-size":"auto","background-attachment":"scroll","background-type":"","background-media":"","overlay-type":"","overlay-color":"","overlay-opacity":"","overlay-gradient":""},"mobile":{"background-color":"","background-image":"","background-repeat":"repeat","background-position":"center center","background-size":"auto","background-attachment":"scroll","background-type":"","background-media":"","overlay-type":"","overlay-color":"","overlay-opacity":"","overlay-gradient":""}},"ast-content-background-meta":{"desktop":{"background-color":"var(--ast-global-color-4)","background-image":"","background-repeat":"repeat","background-position":"center center","background-size":"auto","background-attachment":"scroll","background-type":"","background-media":"","overlay-type":"","overlay-color":"","overlay-opacity":"","overlay-gradient":""},"tablet":{"background-color":"var(--ast-global-color-4)","background-image":"","background-repeat":"repeat","background-position":"center center","background-size":"auto","background-attachment":"scroll","background-type":"","background-media":"","overlay-type":"","overlay-color":"","overlay-opacity":"","overlay-gradient":""},"mobile":{"background-color":"var(--ast-global-color-4)","background-image":"","background-repeat":"repeat","background-position":"center center","background-size":"auto","background-attachment":"scroll","background-type":"","background-media":"","overlay-type":"","overlay-color":"","overlay-opacity":"","overlay-gradient":""}},"footnotes":""},"class_list":["post-67","page","type-page","status-publish","hentry"],"_links":{"self":[{"href":"https:\/\/dps.gniezno.pl\/index.php?rest_route=\/wp\/v2\/pages\/67","targetHints":{"allow":["GET"]}}],"collection":[{"href":"https:\/\/dps.gniezno.pl\/index.php?rest_route=\/wp\/v2\/pages"}],"about":[{"href":"https:\/\/dps.gniezno.pl\/index.php?rest_route=\/wp\/v2\/types\/page"}],"author":[{"embeddable":true,"href":"https:\/\/dps.gniezno.pl\/index.php?rest_route=\/wp\/v2\/users\/1"}],"replies":[{"embeddable":true,"href":"https:\/\/dps.gniezno.pl\/index.php?rest_route=%2Fwp%2Fv2%2Fcomments&post=67"}],"version-history":[{"count":6,"href":"https:\/\/dps.gniezno.pl\/index.php?rest_route=\/wp\/v2\/pages\/67\/revisions"}],"predecessor-version":[{"id":263,"href":"https:\/\/dps.gniezno.pl\/index.php?rest_route=\/wp\/v2\/pages\/67\/revisions\/263"}],"wp:attachment":[{"href":"https:\/\/dps.gniezno.pl\/index.php?rest_route=%2Fwp%2Fv2%2Fmedia&parent=67"}],"curies":[{"name":"wp","href":"https:\/\/api.w.org\/{rel}","templated":true}]}}