{"id":66,"date":"2026-04-09T15:32:04","date_gmt":"2026-04-09T13:32:04","guid":{"rendered":"https:\/\/127.0.0.1\/wordpress\/?page_id=66"},"modified":"2026-05-03T11:33:27","modified_gmt":"2026-05-03T09:33:27","slug":"odplatnosc","status":"publish","type":"page","link":"https:\/\/dps.gniezno.pl\/?page_id=66","title":{"rendered":"Odp\u0142atno\u015b\u0107"},"content":{"rendered":"\n<p class=\"has-medium-font-size\"><strong>Zasady odp\u0142atno\u015bci:<\/strong><\/p>\n\n\n\n<p class=\"has-medium-font-size\">\u2013 Koszt utrzymania Mieszka\u0144ca w naszym Domu od 01 lutego 2026 r. wynosi 8562,45 z\u0142 miesi\u0119cznie.<\/p>\n\n\n\n<p class=\"has-medium-font-size\">\u2013 Mieszkaniec p\u0142aci 70 % w\u0142asnego dochodu (do dochodu zalicza si\u0119: rent\u0119, emerytur\u0119, zasi\u0142ek sta\u0142y, piel\u0119gnacyjny,\u00a0dodatek piel\u0119gnacyjny), <br>   pozosta\u0142e 30% jest do dyspozycji mieszka\u0144ca;<\/p>\n\n\n\n<p class=\"has-medium-font-size\">\u2013 zdarzaj\u0105 si\u0119 sytuacje gdy osoba nie posiada \u017cadnego dochodu, w\u00f3wczas ca\u0142o\u015b\u0107 p\u0142aci gmina;<\/p>\n\n\n\n<p class=\"has-medium-font-size\">\u2013 Rodzina -w niekt\u00f3rych przypadkach gdy doch\u00f3d rodziny jest wysoki dop\u0142aca cz\u0119\u015b\u0107 kwoty;<\/p>\n\n\n\n<p class=\"has-medium-font-size\">\u2013 Gmina \u2013 &nbsp;wi\u0119kszo\u015b\u0107 kwoty do utrzymania dop\u0142aca gmina z kt\u00f3rej pochodzi mieszkaniec.<\/p>\n\n\n\n<p><\/p>\n","protected":false},"excerpt":{"rendered":"<p>Zasady odp\u0142atno\u015bci: \u2013 Koszt utrzymania Mieszka\u0144ca w naszym Domu od 01 lutego 2026 r. wynosi 8562,45 z\u0142 miesi\u0119cznie. \u2013 Mieszkaniec [&hellip;]<\/p>\n","protected":false},"author":1,"featured_media":0,"parent":0,"menu_order":0,"comment_status":"closed","ping_status":"closed","template":"","meta":{"site-sidebar-layout":"default","site-content-layout":"","ast-site-content-layout":"default","site-content-style":"default","site-sidebar-style":"default","ast-global-header-display":"","ast-banner-title-visibility":"","ast-main-header-display":"","ast-hfb-above-header-display":"","ast-hfb-below-header-display":"","ast-hfb-mobile-header-display":"","site-post-title":"","ast-breadcrumbs-content":"","ast-featured-img":"","footer-sml-layout":"","ast-disable-related-posts":"","theme-transparent-header-meta":"","adv-header-id-meta":"","stick-header-meta":"","header-above-stick-meta":"","header-main-stick-meta":"","header-below-stick-meta":"","astra-migrate-meta-layouts":"default","ast-page-background-enabled":"default","ast-page-background-meta":{"desktop":{"background-color":"var(--ast-global-color-5)","background-image":"","background-repeat":"repeat","background-position":"center center","background-size":"auto","background-attachment":"scroll","background-type":"","background-media":"","overlay-type":"","overlay-color":"","overlay-opacity":"","overlay-gradient":""},"tablet":{"background-color":"","background-image":"","background-repeat":"repeat","background-position":"center center","background-size":"auto","background-attachment":"scroll","background-type":"","background-media":"","overlay-type":"","overlay-color":"","overlay-opacity":"","overlay-gradient":""},"mobile":{"background-color":"","background-image":"","background-repeat":"repeat","background-position":"center center","background-size":"auto","background-attachment":"scroll","background-type":"","background-media":"","overlay-type":"","overlay-color":"","overlay-opacity":"","overlay-gradient":""}},"ast-content-background-meta":{"desktop":{"background-color":"var(--ast-global-color-4)","background-image":"","background-repeat":"repeat","background-position":"center center","background-size":"auto","background-attachment":"scroll","background-type":"","background-media":"","overlay-type":"","overlay-color":"","overlay-opacity":"","overlay-gradient":""},"tablet":{"background-color":"var(--ast-global-color-4)","background-image":"","background-repeat":"repeat","background-position":"center center","background-size":"auto","background-attachment":"scroll","background-type":"","background-media":"","overlay-type":"","overlay-color":"","overlay-opacity":"","overlay-gradient":""},"mobile":{"background-color":"var(--ast-global-color-4)","background-image":"","background-repeat":"repeat","background-position":"center center","background-size":"auto","background-attachment":"scroll","background-type":"","background-media":"","overlay-type":"","overlay-color":"","overlay-opacity":"","overlay-gradient":""}},"footnotes":""},"class_list":["post-66","page","type-page","status-publish","hentry"],"_links":{"self":[{"href":"https:\/\/dps.gniezno.pl\/index.php?rest_route=\/wp\/v2\/pages\/66","targetHints":{"allow":["GET"]}}],"collection":[{"href":"https:\/\/dps.gniezno.pl\/index.php?rest_route=\/wp\/v2\/pages"}],"about":[{"href":"https:\/\/dps.gniezno.pl\/index.php?rest_route=\/wp\/v2\/types\/page"}],"author":[{"embeddable":true,"href":"https:\/\/dps.gniezno.pl\/index.php?rest_route=\/wp\/v2\/users\/1"}],"replies":[{"embeddable":true,"href":"https:\/\/dps.gniezno.pl\/index.php?rest_route=%2Fwp%2Fv2%2Fcomments&post=66"}],"version-history":[{"count":3,"href":"https:\/\/dps.gniezno.pl\/index.php?rest_route=\/wp\/v2\/pages\/66\/revisions"}],"predecessor-version":[{"id":194,"href":"https:\/\/dps.gniezno.pl\/index.php?rest_route=\/wp\/v2\/pages\/66\/revisions\/194"}],"wp:attachment":[{"href":"https:\/\/dps.gniezno.pl\/index.php?rest_route=%2Fwp%2Fv2%2Fmedia&parent=66"}],"curies":[{"name":"wp","href":"https:\/\/api.w.org\/{rel}","templated":true}]}}