{"id":39,"date":"2026-04-09T14:50:24","date_gmt":"2026-04-09T12:50:24","guid":{"rendered":"https:\/\/127.0.0.1\/wordpress\/?page_id=39"},"modified":"2026-04-12T10:16:50","modified_gmt":"2026-04-12T08:16:50","slug":"informacje","status":"publish","type":"page","link":"https:\/\/dps.gniezno.pl\/?page_id=39","title":{"rendered":"Informacje"},"content":{"rendered":"\n<hr class=\"wp-block-separator has-alpha-channel-opacity is-style-wide\"\/>\n\n\n\n<p class=\"has-medium-font-size\"><strong>Dom Pomocy Spo\u0142ecznej<\/strong> <strong>im. Ma\u0142\u017conk\u00f3w Terakowskich<\/strong><\/p>\n\n\n\n<p class=\"has-medium-font-size\"><strong>ul. Wrzesi\u0144ska 21 &nbsp;&nbsp;&nbsp;&nbsp;&nbsp;&nbsp;&nbsp;62-200 Gniezno<\/strong><\/p>\n\n\n\n<p class=\"has-medium-font-size\"><strong>tel. (61)  426-11-45 \u00a0\u00a0\u00a0<\/strong><\/p>\n\n\n\n<p class=\"has-medium-font-size\"><strong>NIP: 784-17-89-314 &nbsp;&nbsp;&nbsp;&nbsp;R<\/strong><strong>EGON: &nbsp;004863809<\/strong><\/p>\n\n\n\n<hr class=\"wp-block-separator has-alpha-channel-opacity is-style-wide\"\/>\n\n\n\n<p class=\"has-medium-font-size\"><strong>E-mail:   <a href=\"mailto:dps@powiat-gniezno.pl\">dps@powiat-gniezno.pl<\/a> \u00a0\u00a0\u00a0<\/strong><\/p>\n\n\n\n<p class=\"has-medium-font-size\"><strong>WWW:    <a href=\"https:\/\/dps.gniezno.pl\">https:\/\/dps.gniezno.pl<\/a><\/strong><\/p>\n\n\n\n<p class=\"has-medium-font-size\"><strong>BIP:<\/strong>   <strong><a href=\"http:\/\/bip.powiat-gniezno.pl\/dps\">https:\/\/bip.powiat-gniezno.pl\/dps<\/a> \u00a0<\/strong><\/p>\n\n\n\n<p><\/p>\n","protected":false},"excerpt":{"rendered":"<p>Dom Pomocy Spo\u0142ecznej im. Ma\u0142\u017conk\u00f3w Terakowskich ul. Wrzesi\u0144ska 21 &nbsp;&nbsp;&nbsp;&nbsp;&nbsp;&nbsp;&nbsp;62-200 Gniezno tel. (61) 426-11-45 \u00a0\u00a0\u00a0 NIP: 784-17-89-314 &nbsp;&nbsp;&nbsp;&nbsp;REGON: &nbsp;004863809 E-mail: [&hellip;]<\/p>\n","protected":false},"author":1,"featured_media":0,"parent":0,"menu_order":0,"comment_status":"closed","ping_status":"closed","template":"","meta":{"site-sidebar-layout":"default","site-content-layout":"","ast-site-content-layout":"default","site-content-style":"default","site-sidebar-style":"default","ast-global-header-display":"","ast-banner-title-visibility":"","ast-main-header-display":"","ast-hfb-above-header-display":"","ast-hfb-below-header-display":"","ast-hfb-mobile-header-display":"","site-post-title":"","ast-breadcrumbs-content":"","ast-featured-img":"","footer-sml-layout":"","ast-disable-related-posts":"","theme-transparent-header-meta":"","adv-header-id-meta":"","stick-header-meta":"","header-above-stick-meta":"","header-main-stick-meta":"","header-below-stick-meta":"","astra-migrate-meta-layouts":"default","ast-page-background-enabled":"default","ast-page-background-meta":{"desktop":{"background-color":"var(--ast-global-color-5)","background-image":"","background-repeat":"repeat","background-position":"center center","background-size":"auto","background-attachment":"scroll","background-type":"","background-media":"","overlay-type":"","overlay-color":"","overlay-opacity":"","overlay-gradient":""},"tablet":{"background-color":"","background-image":"","background-repeat":"repeat","background-position":"center center","background-size":"auto","background-attachment":"scroll","background-type":"","background-media":"","overlay-type":"","overlay-color":"","overlay-opacity":"","overlay-gradient":""},"mobile":{"background-color":"","background-image":"","background-repeat":"repeat","background-position":"center center","background-size":"auto","background-attachment":"scroll","background-type":"","background-media":"","overlay-type":"","overlay-color":"","overlay-opacity":"","overlay-gradient":""}},"ast-content-background-meta":{"desktop":{"background-color":"var(--ast-global-color-4)","background-image":"","background-repeat":"repeat","background-position":"center center","background-size":"auto","background-attachment":"scroll","background-type":"","background-media":"","overlay-type":"","overlay-color":"","overlay-opacity":"","overlay-gradient":""},"tablet":{"background-color":"var(--ast-global-color-4)","background-image":"","background-repeat":"repeat","background-position":"center center","background-size":"auto","background-attachment":"scroll","background-type":"","background-media":"","overlay-type":"","overlay-color":"","overlay-opacity":"","overlay-gradient":""},"mobile":{"background-color":"var(--ast-global-color-4)","background-image":"","background-repeat":"repeat","background-position":"center center","background-size":"auto","background-attachment":"scroll","background-type":"","background-media":"","overlay-type":"","overlay-color":"","overlay-opacity":"","overlay-gradient":""}},"footnotes":""},"class_list":["post-39","page","type-page","status-publish","hentry"],"_links":{"self":[{"href":"https:\/\/dps.gniezno.pl\/index.php?rest_route=\/wp\/v2\/pages\/39","targetHints":{"allow":["GET"]}}],"collection":[{"href":"https:\/\/dps.gniezno.pl\/index.php?rest_route=\/wp\/v2\/pages"}],"about":[{"href":"https:\/\/dps.gniezno.pl\/index.php?rest_route=\/wp\/v2\/types\/page"}],"author":[{"embeddable":true,"href":"https:\/\/dps.gniezno.pl\/index.php?rest_route=\/wp\/v2\/users\/1"}],"replies":[{"embeddable":true,"href":"https:\/\/dps.gniezno.pl\/index.php?rest_route=%2Fwp%2Fv2%2Fcomments&post=39"}],"version-history":[{"count":3,"href":"https:\/\/dps.gniezno.pl\/index.php?rest_route=\/wp\/v2\/pages\/39\/revisions"}],"predecessor-version":[{"id":192,"href":"https:\/\/dps.gniezno.pl\/index.php?rest_route=\/wp\/v2\/pages\/39\/revisions\/192"}],"wp:attachment":[{"href":"https:\/\/dps.gniezno.pl\/index.php?rest_route=%2Fwp%2Fv2%2Fmedia&parent=39"}],"curies":[{"name":"wp","href":"https:\/\/api.w.org\/{rel}","templated":true}]}}