{"id":210,"date":"2026-04-14T18:13:39","date_gmt":"2026-04-14T16:13:39","guid":{"rendered":"https:\/\/127.0.0.1\/wordpress\/?page_id=210"},"modified":"2026-04-14T18:23:18","modified_gmt":"2026-04-14T16:23:18","slug":"cookie","status":"publish","type":"page","link":"https:\/\/dps.gniezno.pl\/?page_id=210","title":{"rendered":"Cookies"},"content":{"rendered":"\n<p class=\"has-medium-font-size\">TA STRONA U\u017bYWA PLIK\u00d3W COOKIES.<\/p>\n\n\n\n<p class=\"has-medium-font-size\">Je\u015bli nie blokujesz tych plik\u00f3w, to zgadzasz si\u0119 na ich u\u017cycie oraz zapisanie w pami\u0119ci urz\u0105dzenia. Pami\u0119taj, \u017ce mo\u017cesz samodzielnie zarz\u0105dza\u0107 cookies, zmieniaj\u0105c ustawienia przegl\u0105darki. Korzystanie z serwisu oznacza akceptacj\u0119 Polityki Cookies.<\/p>\n\n\n\n<p class=\"has-medium-font-size\">Niniejsze uwagi &nbsp;dotycz\u0105 &nbsp;plik\u00f3w cookies : &nbsp;<\/p>\n\n\n\n<p class=\"has-medium-font-size\">1. Serwis nie zbiera w spos\u00f3b automatyczny \u017cadnych informacji, z wyj\u0105tkiem informacji zawartych w plikach cookies .<\/p>\n\n\n\n<p class=\"has-medium-font-size\">2. Pliki cookies (tzw. ciasteczka) stanowi\u0105 dane informatyczne, w szczeg\u00f3lno\u015bci pliki tekstowe, kt\u00f3re przechowywane s\u0105 na &nbsp;komputerze u\u017cytkownika &nbsp;i przeznaczone s\u0105 do korzystania ze stron internetowych Serwisu. Cookies zazwyczaj zawieraj\u0105 nazw\u0119 strony internetowej, z kt\u00f3rej pochodz\u0105, czas przechowywania ich na urz\u0105dzeniu ko\u0144cowym oraz unikalny numer.<\/p>\n\n\n\n<p class=\"has-medium-font-size\">3. Pliki cookies wykorzystywane s\u0105 w celu:<\/p>\n\n\n\n<p class=\"has-medium-font-size\">\u2022 dostosowania zawarto\u015bci strony &nbsp;internetowej &nbsp;DPS &nbsp;Gniezno &nbsp;do preferencji U\u017cytkownika oraz optymalizacji korzystania ze stron internetowych; w szczeg\u00f3lno\u015bci pliki te pozwalaj\u0105 rozpozna\u0107 urz\u0105dzenie U\u017cytkownika Serwisu i odpowiednio wy\u015bwietli\u0107 stron\u0119 internetow\u0105, dostosowan\u0105 do indywidualnych potrzeb U\u017cytkownika;<\/p>\n\n\n\n<p class=\"has-medium-font-size\">\u2022 utrzymania sesji U\u017cytkownika Serwisu<\/p>\n\n\n\n<p class=\"has-medium-font-size\">4. Na stronach Serwisu mog\u0105 znajdowa\u0107 si\u0119 odwo\u0142ania do innych serwis\u00f3w internetowych, kt\u00f3re stosuj\u0105 w\u0142asne polityki prywatno\u015bci. Rekomendujemy zapoznanie si\u0119 z ka\u017cd\u0105 z takich polityk, poniewa\u017c &nbsp;DPS nie ponosi jakiejkolwiek odpowiedzialno\u015bci za zasady zachowania prywatno\u015bci obowi\u0105zuj\u0105ce w tych serwisach.<\/p>\n\n\n\n<p class=\"has-medium-font-size\">5. W ramach Serwisu stosowane mog\u0105 by\u0107 trzy zasadnicze rodzaje plik\u00f3w cookies:<\/p>\n\n\n\n<p class=\"has-medium-font-size\">\u2022 sesyjne (session cookies) \u2013 s\u0105 plikami tymczasowymi, przechowywanymi na urz\u0105dzeniu ko\u0144cowym U\u017cytkownika do czasu wylogowania, opuszczenia strony internetowej lub wy\u0142\u0105czenia oprogramowania (przegl\u0105darki internetowej);<\/p>\n\n\n\n<p class=\"has-medium-font-size\">\u2022 sta\u0142e (persistent cookies) \u2013 pliki cookies, kt\u00f3re przechowywane s\u0105 na urz\u0105dzeniu ko\u0144cowym U\u017cytkownika przez czas okre\u015blony w parametrach plik\u00f3w cookies lub do czasu ich usuni\u0119cia przez U\u017cytkownika;<\/p>\n\n\n\n<p class=\"has-medium-font-size\">\u2022 cookies podmiot\u00f3w zewn\u0119trznych (third parties cookies) \u2013 to pliki pochodz\u0105ce z serwera statystyk google-analytics.com, serwer\u00f3w firm lub dostawc\u00f3w us\u0142ug wsp\u00f3\u0142pracuj\u0105cych z serwisem. Te pliki pozwalaj\u0105 nam analizowa\u0107 dane dotycz\u0105ce odwiedzin w celach statystycznych.<\/p>\n\n\n\n<p class=\"has-medium-font-size\">6 . Pliki cookies na stronach Serwisu z regu\u0142y nie zbieraj\u0105 danych osobowych.<\/p>\n\n\n\n<p class=\"has-medium-font-size\">7 . Warunkiem dzia\u0142ania plik\u00f3w cookies jest ich akceptacja w przegl\u0105darce oraz nieusuwanie ich. W wielu przypadkach oprogramowanie s\u0142u\u017c\u0105ce do przegl\u0105dania stron internetowych domy\u015blnie dopuszcza przechowywanie plik\u00f3w cookies na urz\u0105dzeniu ko\u0144cowym U\u017cytkownika. U\u017cytkownicy Serwisu mog\u0105 dokona\u0107 w ka\u017cdym czasie zmiany ustawie\u0144 dotycz\u0105cych plik\u00f3w cookies. Ustawienia te mog\u0105 zosta\u0107 zmienione w szczeg\u00f3lno\u015bci w taki spos\u00f3b, aby blokowa\u0107 automatyczn\u0105 obs\u0142ug\u0119 plik\u00f3w cookies w ustawieniach przegl\u0105darki internetowej b\u0105d\u017a informowa\u0107 o ich ka\u017cdorazowym zamieszczeniu na urz\u0105dzeniu U\u017cytkownika Serwisu. Szczeg\u00f3\u0142owe informacje o mo\u017cliwo\u015bci i sposobach obs\u0142ugi plik\u00f3w cookies dost\u0119pne s\u0105 w ustawieniach i dokumentacji odpowiedniej przegl\u0105darki internetowej.<\/p>\n\n\n\n<p class=\"has-medium-font-size\">8 . &nbsp;Informujemy, \u017ce ograniczenia stosowania plik\u00f3w cookies mog\u0105 wp\u0142yn\u0105\u0107 na niekt\u00f3re funkcjonalno\u015bci dost\u0119pne na stronach internetowych Serwisu.<\/p>\n\n\n\n<p class=\"has-medium-font-size\"><\/p>\n","protected":false},"excerpt":{"rendered":"<p>TA STRONA U\u017bYWA PLIK\u00d3W COOKIES. Je\u015bli nie blokujesz tych plik\u00f3w, to zgadzasz si\u0119 na ich u\u017cycie oraz zapisanie w pami\u0119ci [&hellip;]<\/p>\n","protected":false},"author":1,"featured_media":0,"parent":0,"menu_order":0,"comment_status":"closed","ping_status":"closed","template":"","meta":{"site-sidebar-layout":"default","site-content-layout":"","ast-site-content-layout":"default","site-content-style":"default","site-sidebar-style":"default","ast-global-header-display":"","ast-banner-title-visibility":"","ast-main-header-display":"","ast-hfb-above-header-display":"","ast-hfb-below-header-display":"","ast-hfb-mobile-header-display":"","site-post-title":"","ast-breadcrumbs-content":"","ast-featured-img":"","footer-sml-layout":"","ast-disable-related-posts":"","theme-transparent-header-meta":"","adv-header-id-meta":"","stick-header-meta":"","header-above-stick-meta":"","header-main-stick-meta":"","header-below-stick-meta":"","astra-migrate-meta-layouts":"default","ast-page-background-enabled":"default","ast-page-background-meta":{"desktop":{"background-color":"var(--ast-global-color-5)","background-image":"","background-repeat":"repeat","background-position":"center center","background-size":"auto","background-attachment":"scroll","background-type":"","background-media":"","overlay-type":"","overlay-color":"","overlay-opacity":"","overlay-gradient":""},"tablet":{"background-color":"","background-image":"","background-repeat":"repeat","background-position":"center center","background-size":"auto","background-attachment":"scroll","background-type":"","background-media":"","overlay-type":"","overlay-color":"","overlay-opacity":"","overlay-gradient":""},"mobile":{"background-color":"","background-image":"","background-repeat":"repeat","background-position":"center center","background-size":"auto","background-attachment":"scroll","background-type":"","background-media":"","overlay-type":"","overlay-color":"","overlay-opacity":"","overlay-gradient":""}},"ast-content-background-meta":{"desktop":{"background-color":"var(--ast-global-color-4)","background-image":"","background-repeat":"repeat","background-position":"center center","background-size":"auto","background-attachment":"scroll","background-type":"","background-media":"","overlay-type":"","overlay-color":"","overlay-opacity":"","overlay-gradient":""},"tablet":{"background-color":"var(--ast-global-color-4)","background-image":"","background-repeat":"repeat","background-position":"center center","background-size":"auto","background-attachment":"scroll","background-type":"","background-media":"","overlay-type":"","overlay-color":"","overlay-opacity":"","overlay-gradient":""},"mobile":{"background-color":"var(--ast-global-color-4)","background-image":"","background-repeat":"repeat","background-position":"center center","background-size":"auto","background-attachment":"scroll","background-type":"","background-media":"","overlay-type":"","overlay-color":"","overlay-opacity":"","overlay-gradient":""}},"footnotes":""},"class_list":["post-210","page","type-page","status-publish","hentry"],"_links":{"self":[{"href":"https:\/\/dps.gniezno.pl\/index.php?rest_route=\/wp\/v2\/pages\/210","targetHints":{"allow":["GET"]}}],"collection":[{"href":"https:\/\/dps.gniezno.pl\/index.php?rest_route=\/wp\/v2\/pages"}],"about":[{"href":"https:\/\/dps.gniezno.pl\/index.php?rest_route=\/wp\/v2\/types\/page"}],"author":[{"embeddable":true,"href":"https:\/\/dps.gniezno.pl\/index.php?rest_route=\/wp\/v2\/users\/1"}],"replies":[{"embeddable":true,"href":"https:\/\/dps.gniezno.pl\/index.php?rest_route=%2Fwp%2Fv2%2Fcomments&post=210"}],"version-history":[{"count":3,"href":"https:\/\/dps.gniezno.pl\/index.php?rest_route=\/wp\/v2\/pages\/210\/revisions"}],"predecessor-version":[{"id":222,"href":"https:\/\/dps.gniezno.pl\/index.php?rest_route=\/wp\/v2\/pages\/210\/revisions\/222"}],"wp:attachment":[{"href":"https:\/\/dps.gniezno.pl\/index.php?rest_route=%2Fwp%2Fv2%2Fmedia&parent=210"}],"curies":[{"name":"wp","href":"https:\/\/api.w.org\/{rel}","templated":true}]}}