{"id":15,"date":"2023-01-05T20:08:19","date_gmt":"2023-01-05T19:08:19","guid":{"rendered":"http:\/\/dps.gniezno.pl\/?page_id=15"},"modified":"2025-09-13T17:59:06","modified_gmt":"2025-09-13T15:59:06","slug":"informacje","status":"publish","type":"page","link":"https:\/\/dps.gniezno.pl\/?page_id=15","title":{"rendered":"Informacje"},"content":{"rendered":"\n<p class=\"has-medium-font-size\"><strong>Dom Pomocy Spo\u0142ecznej<\/strong> <strong>im. Ma\u0142\u017conk\u00f3w Terakowskich<\/strong><\/p>\n\n\n\n<p class=\"has-medium-font-size\"><strong>ul. Wrzesi\u0144ska 21 &nbsp;&nbsp;&nbsp;&nbsp;&nbsp;&nbsp;&nbsp;62-200 Gniezno<\/strong><\/p>\n\n\n\n<p class=\"has-medium-font-size\"><strong>tel. (61) 426-11-45 \u00a0\u00a0\u00a0<\/strong><\/p>\n\n\n\n<p class=\"has-medium-font-size\"><strong>NIP:  784-17-89-314 &nbsp;&nbsp;&nbsp;&nbsp;R<\/strong><strong>EGON: &nbsp;004863809<\/strong><\/p>\n\n\n\n<p class=\"has-medium-font-size\"><strong>e-mail: <a href=\"mailto:dps@powiat-gniezno.pl\">dps@powiat-gniezno.pl<\/a> &nbsp;&nbsp;&nbsp;www:   <a href=\"http:\/\/www.dps.gniezno.pl\">dps.gniezno.pl<\/a><\/strong><\/p>\n\n\n\n<p class=\"has-medium-font-size\"><strong>BIP: <\/strong> <strong><a href=\"http:\/\/bip.powiat-gniezno.pl\/dps\">https:\/\/bip.powiat-gniezno.pl\/dps<\/a> \u00a0<\/strong><\/p>\n\n\n\n<figure class=\"wp-block-image aligncenter size-full is-resized\"><img fetchpriority=\"high\" decoding=\"async\" width=\"800\" height=\"600\" src=\"https:\/\/dps.gniezno.pl\/wp-content\/uploads\/2023\/01\/9.jpg\" alt=\"\" class=\"wp-image-171\" style=\"width:540px;height:405px\" srcset=\"https:\/\/dps.gniezno.pl\/wp-content\/uploads\/2023\/01\/9.jpg 800w, https:\/\/dps.gniezno.pl\/wp-content\/uploads\/2023\/01\/9-300x225.jpg 300w, https:\/\/dps.gniezno.pl\/wp-content\/uploads\/2023\/01\/9-768x576.jpg 768w\" sizes=\"(max-width: 800px) 100vw, 800px\" \/><figcaption class=\"wp-element-caption\"><strong><mark style=\"background-color:rgba(0, 0, 0, 0)\" class=\"has-inline-color has-ast-global-color-0-color\">Ogr\u00f3d <\/mark><\/strong><\/figcaption><\/figure>\n","protected":false},"excerpt":{"rendered":"<p>Dom Pomocy Spo\u0142ecznej im. Ma\u0142\u017conk\u00f3w Terakowskich ul. Wrzesi\u0144ska 21 &nbsp;&nbsp;&nbsp;&nbsp;&nbsp;&nbsp;&nbsp;62-200 Gniezno tel. (61) 426-11-45 \u00a0\u00a0\u00a0 NIP: 784-17-89-314 &nbsp;&nbsp;&nbsp;&nbsp;REGON: &nbsp;004863809 e-mail: dps@powiat-gniezno.pl &nbsp;&nbsp;&nbsp;www: dps.gniezno.pl BIP: https:\/\/bip.powiat-gniezno.pl\/dps \u00a0<\/p>\n","protected":false},"author":1,"featured_media":0,"parent":0,"menu_order":0,"comment_status":"closed","ping_status":"closed","template":"","meta":{"_uag_custom_page_level_css":"","site-sidebar-layout":"default","site-content-layout":"","ast-site-content-layout":"default","site-content-style":"default","site-sidebar-style":"default","ast-global-header-display":"","ast-banner-title-visibility":"","ast-main-header-display":"","ast-hfb-above-header-display":"","ast-hfb-below-header-display":"","ast-hfb-mobile-header-display":"","site-post-title":"","ast-breadcrumbs-content":"","ast-featured-img":"","footer-sml-layout":"","ast-disable-related-posts":"","theme-transparent-header-meta":"","adv-header-id-meta":"","stick-header-meta":"","header-above-stick-meta":"","header-main-stick-meta":"","header-below-stick-meta":"","astra-migrate-meta-layouts":"set","ast-page-background-enabled":"default","ast-page-background-meta":{"desktop":{"background-color":"var(--ast-global-color-4)","background-image":"","background-repeat":"repeat","background-position":"center center","background-size":"auto","background-attachment":"scroll","background-type":"","background-media":"","overlay-type":"","overlay-color":"","overlay-opacity":"","overlay-gradient":""},"tablet":{"background-color":"","background-image":"","background-repeat":"repeat","background-position":"center center","background-size":"auto","background-attachment":"scroll","background-type":"","background-media":"","overlay-type":"","overlay-color":"","overlay-opacity":"","overlay-gradient":""},"mobile":{"background-color":"","background-image":"","background-repeat":"repeat","background-position":"center center","background-size":"auto","background-attachment":"scroll","background-type":"","background-media":"","overlay-type":"","overlay-color":"","overlay-opacity":"","overlay-gradient":""}},"ast-content-background-meta":{"desktop":{"background-color":"var(--ast-global-color-5)","background-image":"","background-repeat":"repeat","background-position":"center center","background-size":"auto","background-attachment":"scroll","background-type":"","background-media":"","overlay-type":"","overlay-color":"","overlay-opacity":"","overlay-gradient":""},"tablet":{"background-color":"var(--ast-global-color-5)","background-image":"","background-repeat":"repeat","background-position":"center center","background-size":"auto","background-attachment":"scroll","background-type":"","background-media":"","overlay-type":"","overlay-color":"","overlay-opacity":"","overlay-gradient":""},"mobile":{"background-color":"var(--ast-global-color-5)","background-image":"","background-repeat":"repeat","background-position":"center center","background-size":"auto","background-attachment":"scroll","background-type":"","background-media":"","overlay-type":"","overlay-color":"","overlay-opacity":"","overlay-gradient":""}},"footnotes":""},"class_list":["post-15","page","type-page","status-publish","hentry"],"uagb_featured_image_src":{"full":false,"thumbnail":false,"medium":false,"medium_large":false,"large":false,"1536x1536":false,"2048x2048":false},"uagb_author_info":{"display_name":"Roman","author_link":"https:\/\/dps.gniezno.pl\/?author=1"},"uagb_comment_info":0,"uagb_excerpt":"Dom Pomocy Spo\u0142ecznej im. Ma\u0142\u017conk\u00f3w Terakowskich ul. Wrzesi\u0144ska 21 &nbsp;&nbsp;&nbsp;&nbsp;&nbsp;&nbsp;&nbsp;62-200 Gniezno tel. (61) 426-11-45 \u00a0\u00a0\u00a0 NIP: 784-17-89-314 &nbsp;&nbsp;&nbsp;&nbsp;REGON: &nbsp;004863809 e-mail: dps@powiat-gniezno.pl &nbsp;&nbsp;&nbsp;www: dps.gniezno.pl BIP: https:\/\/bip.powiat-gniezno.pl\/dps \u00a0","_links":{"self":[{"href":"https:\/\/dps.gniezno.pl\/index.php?rest_route=\/wp\/v2\/pages\/15","targetHints":{"allow":["GET"]}}],"collection":[{"href":"https:\/\/dps.gniezno.pl\/index.php?rest_route=\/wp\/v2\/pages"}],"about":[{"href":"https:\/\/dps.gniezno.pl\/index.php?rest_route=\/wp\/v2\/types\/page"}],"author":[{"embeddable":true,"href":"https:\/\/dps.gniezno.pl\/index.php?rest_route=\/wp\/v2\/users\/1"}],"replies":[{"embeddable":true,"href":"https:\/\/dps.gniezno.pl\/index.php?rest_route=%2Fwp%2Fv2%2Fcomments&post=15"}],"version-history":[{"count":4,"href":"https:\/\/dps.gniezno.pl\/index.php?rest_route=\/wp\/v2\/pages\/15\/revisions"}],"predecessor-version":[{"id":687,"href":"https:\/\/dps.gniezno.pl\/index.php?rest_route=\/wp\/v2\/pages\/15\/revisions\/687"}],"wp:attachment":[{"href":"https:\/\/dps.gniezno.pl\/index.php?rest_route=%2Fwp%2Fv2%2Fmedia&parent=15"}],"curies":[{"name":"wp","href":"https:\/\/api.w.org\/{rel}","templated":true}]}}