{"id":133,"date":"2026-04-10T09:04:58","date_gmt":"2026-04-10T07:04:58","guid":{"rendered":"https:\/\/127.0.0.1\/wordpress\/?page_id=133"},"modified":"2026-05-03T09:13:31","modified_gmt":"2026-05-03T07:13:31","slug":"dps-gniezno-2","status":"publish","type":"page","link":"https:\/\/dps.gniezno.pl\/","title":{"rendered":"DPS Gniezno"},"content":{"rendered":"\n<p class=\"has-text-align-center\" style=\"font-size:28px\"><strong>Dom Pomocy Spo\u0142ecznej im. Ma\u0142\u017conk\u00f3w Terakowskich<\/strong><\/p>\n\n\n\n<figure class=\"wp-block-image size-full\"><img fetchpriority=\"high\" decoding=\"async\" width=\"1600\" height=\"481\" src=\"https:\/\/dps.gniezno.pl\/wp-content\/uploads\/2026\/04\/obrazdps.jpg\" alt=\"Dom Pomocy Spo\u0142ecznej w Gnie\u017anie\" class=\"wp-image-110\"\/><\/figure>\n\n\n\n<p class=\"has-text-align-center has-large-font-size\"><strong>Dom Pomocy Spo\u0142ecznej im. Ma\u0142\u017conk\u00f3w Terakowskich<br><\/strong><strong>ul. Wrzesi\u0144ska 21<\/strong> <strong>62-200 Gniezno<br><\/strong><strong>tel.&nbsp; (61) 426-11-45<\/strong><\/p>\n\n\n\n<p class=\"has-text-align-center has-medium-font-size\"><strong>e-mail: <a href=\"mailto:dps@powiat-gniezno.pl\">dps@powiat-gniezno.pl<\/a><\/strong><\/p>\n\n\n\n<p class=\"has-text-align-center has-medium-font-size\"><strong>Strona internetowa:<\/strong> <a href=\"https:\/\/dps.gniezno.pl\"><strong>https:\/\/dps.gniezno.pl<\/strong><\/a><\/p>\n\n\n\n<p class=\"has-text-align-center has-medium-font-size\"><strong>BIP:&nbsp;<\/strong> <a href=\"https:\/\/bip.powiat-gniezno.pl\/dps\"><strong>https:\/\/bip.powiat-gniezno.pl\/dps<\/strong><\/a><\/p>\n\n\n\n<p class=\"has-text-align-center has-medium-font-size\"><strong>E-dor\u0119czenia: <a href=\"AE:PL-99642-74282-RSIII-20\">AE:PL-99642-74282-RSIII-20<\/a>&nbsp;<\/strong><\/p>\n\n\n\n<hr class=\"wp-block-separator has-alpha-channel-opacity is-style-wide\"\/>\n\n\n\n<p class=\"has-text-align-center has-large-font-size\">Strona w przebudowie<\/p>\n\n\n\n<p class=\"has-text-align-center has-large-font-size\">Przepraszamy za utrudnienia<\/p>\n\n\n\n<h4 class=\"wp-block-heading has-text-align-center\"><strong>Zapraszamy<\/strong><\/h4>\n\n\n\n<hr class=\"wp-block-separator has-alpha-channel-opacity is-style-wide\"\/>\n\n\n\n<p class=\"has-text-align-center has-large-font-size\"><a href=\"https:\/\/ops.pl\/kategoria\/baza-instytucji\/typ\/dom-pomocy-spolecznej\/dom-pomocy-spolecznej-gniezno\/\"><strong>Zobacz nas na OPS.pl<\/strong><\/a><\/p>\n\n\n\n<hr class=\"wp-block-separator has-alpha-channel-opacity is-style-wide\"\/>\n\n\n\n<h4 class=\"wp-block-heading has-text-align-center\">Misj\u0105 Domu Pomocy &nbsp;jest:<br><br><strong>\u201ePRACUJ\u0118 TAK, ABY STWORZY\u0106 PODOPIECZNYM DOM\u201d<\/strong><\/h4>\n","protected":false},"excerpt":{"rendered":"<p>Dom Pomocy Spo\u0142ecznej im. Ma\u0142\u017conk\u00f3w Terakowskich Dom Pomocy Spo\u0142ecznej im. Ma\u0142\u017conk\u00f3w Terakowskichul. Wrzesi\u0144ska 21 62-200 Gnieznotel.&nbsp; (61) 426-11-45 e-mail: dps@powiat-gniezno.pl [&hellip;]<\/p>\n","protected":false},"author":1,"featured_media":0,"parent":0,"menu_order":0,"comment_status":"closed","ping_status":"closed","template":"","meta":{"site-sidebar-layout":"default","site-content-layout":"","ast-site-content-layout":"default","site-content-style":"default","site-sidebar-style":"default","ast-global-header-display":"","ast-banner-title-visibility":"","ast-main-header-display":"","ast-hfb-above-header-display":"","ast-hfb-below-header-display":"","ast-hfb-mobile-header-display":"","site-post-title":"disabled","ast-breadcrumbs-content":"","ast-featured-img":"","footer-sml-layout":"","ast-disable-related-posts":"","theme-transparent-header-meta":"","adv-header-id-meta":"","stick-header-meta":"","header-above-stick-meta":"","header-main-stick-meta":"","header-below-stick-meta":"","astra-migrate-meta-layouts":"default","ast-page-background-enabled":"default","ast-page-background-meta":{"desktop":{"background-color":"var(--ast-global-color-5)","background-image":"","background-repeat":"repeat","background-position":"center center","background-size":"auto","background-attachment":"scroll","background-type":"","background-media":"","overlay-type":"","overlay-color":"","overlay-opacity":"","overlay-gradient":""},"tablet":{"background-color":"","background-image":"","background-repeat":"repeat","background-position":"center center","background-size":"auto","background-attachment":"scroll","background-type":"","background-media":"","overlay-type":"","overlay-color":"","overlay-opacity":"","overlay-gradient":""},"mobile":{"background-color":"","background-image":"","background-repeat":"repeat","background-position":"center center","background-size":"auto","background-attachment":"scroll","background-type":"","background-media":"","overlay-type":"","overlay-color":"","overlay-opacity":"","overlay-gradient":""}},"ast-content-background-meta":{"desktop":{"background-color":"var(--ast-global-color-4)","background-image":"","background-repeat":"repeat","background-position":"center center","background-size":"auto","background-attachment":"scroll","background-type":"","background-media":"","overlay-type":"","overlay-color":"","overlay-opacity":"","overlay-gradient":""},"tablet":{"background-color":"var(--ast-global-color-4)","background-image":"","background-repeat":"repeat","background-position":"center center","background-size":"auto","background-attachment":"scroll","background-type":"","background-media":"","overlay-type":"","overlay-color":"","overlay-opacity":"","overlay-gradient":""},"mobile":{"background-color":"var(--ast-global-color-4)","background-image":"","background-repeat":"repeat","background-position":"center center","background-size":"auto","background-attachment":"scroll","background-type":"","background-media":"","overlay-type":"","overlay-color":"","overlay-opacity":"","overlay-gradient":""}},"footnotes":""},"class_list":["post-133","page","type-page","status-publish","hentry"],"_links":{"self":[{"href":"https:\/\/dps.gniezno.pl\/index.php?rest_route=\/wp\/v2\/pages\/133","targetHints":{"allow":["GET"]}}],"collection":[{"href":"https:\/\/dps.gniezno.pl\/index.php?rest_route=\/wp\/v2\/pages"}],"about":[{"href":"https:\/\/dps.gniezno.pl\/index.php?rest_route=\/wp\/v2\/types\/page"}],"author":[{"embeddable":true,"href":"https:\/\/dps.gniezno.pl\/index.php?rest_route=\/wp\/v2\/users\/1"}],"replies":[{"embeddable":true,"href":"https:\/\/dps.gniezno.pl\/index.php?rest_route=%2Fwp%2Fv2%2Fcomments&post=133"}],"version-history":[{"count":12,"href":"https:\/\/dps.gniezno.pl\/index.php?rest_route=\/wp\/v2\/pages\/133\/revisions"}],"predecessor-version":[{"id":254,"href":"https:\/\/dps.gniezno.pl\/index.php?rest_route=\/wp\/v2\/pages\/133\/revisions\/254"}],"wp:attachment":[{"href":"https:\/\/dps.gniezno.pl\/index.php?rest_route=%2Fwp%2Fv2%2Fmedia&parent=133"}],"curies":[{"name":"wp","href":"https:\/\/api.w.org\/{rel}","templated":true}]}}